{"id":2,"date":"2021-04-22T16:17:11","date_gmt":"2021-04-22T19:17:11","guid":{"rendered":"http:\/\/baseoperabrasil.com.br\/?page_id=2"},"modified":"2021-10-24T11:12:15","modified_gmt":"2021-10-24T14:12:15","slug":"pagina-exemplo","status":"publish","type":"page","link":"http:\/\/baseoperabrasil.com.br\/?page_id=2","title":{"rendered":"Sobre o projeto"},"content":{"rendered":"\t\t<div data-elementor-type=\"wp-page\" data-elementor-id=\"2\" class=\"elementor elementor-2\">\n\t\t\t\t\t\t\t\t\t<section class=\"elementor-section elementor-top-section elementor-element elementor-element-9969c3e elementor-section-boxed elementor-section-height-default elementor-section-height-default\" data-id=\"9969c3e\" data-element_type=\"section\">\n\t\t\t\t\t\t<div class=\"elementor-container elementor-column-gap-default\">\n\t\t\t\t\t<div class=\"elementor-column elementor-col-100 elementor-top-column elementor-element elementor-element-07eae42\" data-id=\"07eae42\" data-element_type=\"column\">\n\t\t\t<div class=\"elementor-widget-wrap elementor-element-populated\">\n\t\t\t\t\t\t\t\t<div class=\"elementor-element elementor-element-5ecee18 elementor-widget elementor-widget-text-editor\" data-id=\"5ecee18\" data-element_type=\"widget\" data-widget_type=\"text-editor.default\">\n\t\t\t\t<div class=\"elementor-widget-container\">\n\t\t\t\t\t\t\t<blockquote><p><span style=\"font-style: normal;\">O estudo da \u00f3pera no Brasil \u00e9 tema bem delineado e estabelecido na academia brasileira. Acompanhar e estudar a atual produ\u00e7\u00e3o de \u00f3peras no pa\u00eds, entretanto, n\u00e3o parece ser tema de grande interesse. Para evitar que informa\u00e7\u00f5es a respeito da produ\u00e7\u00e3o contempor\u00e2nea de \u00f3pera no pa\u00eds desapare\u00e7am ou se tornem de dif\u00edcil acesso foi criado o Brasil \u00d3pera Base. Esta base de dados, calcada na pesquisa de documentos prim\u00e1rios, disponibilizar\u00e1 atrav\u00e9s deste s\u00edtio eletr\u00f4nico informa\u00e7\u00f5es a respeito das produ\u00e7\u00f5es oper\u00edsticas profissionais no Brasil (t\u00edtulos, cantores, diretores, maestros, teatros, n\u00famero, lugar e data de r\u00e9citas) a partir do ano 2000. O BOB \u00e9 fruto de uma parceria entre a Universidade Federal do Rio de Janeiro\u00a0<\/span><span style=\"font-family: Tahoma, sans-serif; font-size: 14px; font-style: normal; font-variant-ligatures: normal; font-variant-caps: normal; font-weight: 400;\">\u2013\u00a0<\/span><span style=\"font-style: normal;\">UFRJ e o\u00a0<\/span><span style=\"font-family: Tahoma, sans-serif; font-size: 14px; font-style: normal; font-variant-ligatures: normal; font-variant-caps: normal; font-weight: 400;\">Museu Virtual de Instrumentos Musicais\u00a0<\/span><span style=\"font-family: Tahoma, sans-serif; font-size: 14px; font-style: normal; font-variant-ligatures: normal; font-variant-caps: normal; font-weight: 400;\">\u2013\u00a0<\/span><span style=\"font-family: Tahoma, sans-serif; font-size: 14px; font-style: normal; font-variant-ligatures: normal; font-variant-caps: normal; font-weight: 400;\">MVIM, projeto do Instituto Brasileiro de Informa\u00e7\u00e3o em Ci\u00eancia e Tecnologia \u2013 IBICT\u00a0<\/span><span style=\"font-style: normal;\">.<\/span><\/p><\/blockquote><p>EQUIPE<\/p><blockquote><p><span style=\"font-style: normal;\">O professor de canto e pesquisador\u00a0<b>Homero Velho<\/b> \u00e9 um dos cantores l\u00edricos mais destacados do pa\u00eds, tendo atuado em todas as principais salas de concerto e teatros no Brasil e Am\u00e9rica Latina. Com doutorado em m\u00fasica pela UNESP, Homero sempre se interessou pela produ\u00e7\u00e3o oper\u00edstica, sua inser\u00e7\u00e3o social e rela\u00e7\u00f5es de trabalho.\u00a0<\/span><\/p><\/blockquote><blockquote><p><span style=\"font-style: normal;\">Doutora em Musicologia, pesquisadora e violonista,\u00a0<b>Adriana Ballest\u00e9<\/b>\u00a0\u00e9 coordenadora do MVIM \u2013 IBICT e atua h\u00e1 d\u00e9cadas em projetos de Organiza\u00e7\u00e3o do Conhecimento na \u00e1rea cultural.\u00a0<\/span><\/p><\/blockquote><blockquote><p><span style=\"font-style: normal;\"><b>Ana Cristina Valentino<\/b> \u00e9 Muse\u00f3loga, pesquisadora e apaixonada pelo universo da \u00d3pera. Atua no MVIM e no Grupo de Pesquisa Museologia Experimental e Imagem \u2013 MEI \/ UNIRIO. \u00c9 mestranda em Museologia e Patrim\u00f4nio no PPG-PMUS UNIRIO \/ MAST e autora de diversos artigos no campo da Museologia, em \u00e2mbito nacional e internacional.<\/span><\/p><\/blockquote>\t\t\t\t\t\t<\/div>\n\t\t\t\t<\/div>\n\t\t\t\t\t<\/div>\n\t\t<\/div>\n\t\t\t\t\t\t\t<\/div>\n\t\t<\/section>\n\t\t\t\t\t\t\t<\/div>\n\t\t","protected":false},"excerpt":{"rendered":"<p>O estudo da \u00f3pera no Brasil \u00e9 tema bem delineado e estabelecido na academia brasileira. Acompanhar e estudar a atual produ\u00e7\u00e3o de \u00f3peras no pa\u00eds, entretanto, n\u00e3o parece ser tema de grande interesse. Para evitar que informa\u00e7\u00f5es a respeito da produ\u00e7\u00e3o contempor\u00e2nea de \u00f3pera no pa\u00eds desapare\u00e7am ou se tornem de dif\u00edcil acesso foi criado [&hellip;]<\/p>\n","protected":false},"author":1,"featured_media":0,"parent":0,"menu_order":0,"comment_status":"closed","ping_status":"closed","template":"elementor_theme","meta":[],"compositor":[],"obra":[],"ano_de_criacao":[],"local_de_criacao":[],"local_da_recita":[],"data_recita":[],"acf":[],"_links":{"self":[{"href":"http:\/\/baseoperabrasil.com.br\/index.php?rest_route=\/wp\/v2\/pages\/2"}],"collection":[{"href":"http:\/\/baseoperabrasil.com.br\/index.php?rest_route=\/wp\/v2\/pages"}],"about":[{"href":"http:\/\/baseoperabrasil.com.br\/index.php?rest_route=\/wp\/v2\/types\/page"}],"author":[{"embeddable":true,"href":"http:\/\/baseoperabrasil.com.br\/index.php?rest_route=\/wp\/v2\/users\/1"}],"replies":[{"embeddable":true,"href":"http:\/\/baseoperabrasil.com.br\/index.php?rest_route=%2Fwp%2Fv2%2Fcomments&post=2"}],"version-history":[{"count":13,"href":"http:\/\/baseoperabrasil.com.br\/index.php?rest_route=\/wp\/v2\/pages\/2\/revisions"}],"predecessor-version":[{"id":2484,"href":"http:\/\/baseoperabrasil.com.br\/index.php?rest_route=\/wp\/v2\/pages\/2\/revisions\/2484"}],"wp:attachment":[{"href":"http:\/\/baseoperabrasil.com.br\/index.php?rest_route=%2Fwp%2Fv2%2Fmedia&parent=2"}],"wp:term":[{"taxonomy":"compositor","embeddable":true,"href":"http:\/\/baseoperabrasil.com.br\/index.php?rest_route=%2Fwp%2Fv2%2Fcompositor&post=2"},{"taxonomy":"obra","embeddable":true,"href":"http:\/\/baseoperabrasil.com.br\/index.php?rest_route=%2Fwp%2Fv2%2Fobra&post=2"},{"taxonomy":"ano_de_criacao","embeddable":true,"href":"http:\/\/baseoperabrasil.com.br\/index.php?rest_route=%2Fwp%2Fv2%2Fano_de_criacao&post=2"},{"taxonomy":"local_de_criacao","embeddable":true,"href":"http:\/\/baseoperabrasil.com.br\/index.php?rest_route=%2Fwp%2Fv2%2Flocal_de_criacao&post=2"},{"taxonomy":"local_da_recita","embeddable":true,"href":"http:\/\/baseoperabrasil.com.br\/index.php?rest_route=%2Fwp%2Fv2%2Flocal_da_recita&post=2"},{"taxonomy":"data_recita","embeddable":true,"href":"http:\/\/baseoperabrasil.com.br\/index.php?rest_route=%2Fwp%2Fv2%2Fdata_recita&post=2"}],"curies":[{"name":"wp","href":"https:\/\/api.w.org\/{rel}","templated":true}]}}